{"id":610,"date":"2025-02-28T10:53:46","date_gmt":"2025-02-28T10:53:46","guid":{"rendered":"https:\/\/xstore.8theme.com\/elementor3\/painting-studio\/?post_type=product&amp;p=610"},"modified":"2025-10-31T07:54:55","modified_gmt":"2025-10-31T07:54:55","slug":"autumn-woodland-pathway","status":"publish","type":"product","link":"https:\/\/nanaaozora.com\/fr\/produit\/autumn-woodland-pathway\/","title":{"rendered":"Sentier forestier d'automne"},"content":{"rendered":"<p>Serene Mountain Forest\" est une peinture \u00e0 l'huile captivante qui vous transporte dans une sc\u00e8ne foresti\u00e8re paisible. La peinture repr\u00e9sente une for\u00eat verdoyante avec des arbres imposants, dont les feuilles sont un m\u00e9lange de verts vibrants et de jaunes subtils, \u00e9voquant les premiers stades de l'automne. Les montagnes \u00e0 l'arri\u00e8re-plan sont peintes avec un effet doux et brumeux, cr\u00e9ant un sentiment de profondeur et de tranquillit\u00e9. L'artiste a utilis\u00e9 des coups de pinceau d\u00e9licats pour capturer le jeu de lumi\u00e8re filtrant \u00e0 travers les arbres, projetant des ombres pommel\u00e9es sur le sol de la for\u00eat. Cette \u0153uvre \u00e9voque un sentiment de calme et de connexion avec la nature, ce qui en fait un compl\u00e9ment id\u00e9al pour toute maison ou bureau.<\/p>","protected":false},"excerpt":{"rendered":"<p>Serene Mountain Forest\" est une peinture \u00e0 l'huile captivante qui vous transporte dans une sc\u00e8ne foresti\u00e8re paisible. La peinture repr\u00e9sente une for\u00eat verdoyante avec des arbres imposants, dont les feuilles sont un m\u00e9lange de...<\/p>","protected":false},"featured_media":532,"comment_status":"open","ping_status":"closed","template":"","meta":[],"etheme_brands":[],"product_brand":[],"product_cat":[29],"product_tag":[],"class_list":{"0":"post-610","1":"product","2":"type-product","3":"status-publish","4":"has-post-thumbnail","6":"product_cat-vibrant-still-life","8":"first","9":"instock","10":"shipping-taxable","11":"purchasable","12":"product-type-simple"},"_links":{"self":[{"href":"https:\/\/nanaaozora.com\/fr\/wp-json\/wp\/v2\/product\/610","targetHints":{"allow":["GET"]}}],"collection":[{"href":"https:\/\/nanaaozora.com\/fr\/wp-json\/wp\/v2\/product"}],"about":[{"href":"https:\/\/nanaaozora.com\/fr\/wp-json\/wp\/v2\/types\/product"}],"replies":[{"embeddable":true,"href":"https:\/\/nanaaozora.com\/fr\/wp-json\/wp\/v2\/comments?post=610"}],"version-history":[{"count":0,"href":"https:\/\/nanaaozora.com\/fr\/wp-json\/wp\/v2\/product\/610\/revisions"}],"wp:featuredmedia":[{"embeddable":true,"href":"https:\/\/nanaaozora.com\/fr\/wp-json\/wp\/v2\/media\/532"}],"wp:attachment":[{"href":"https:\/\/nanaaozora.com\/fr\/wp-json\/wp\/v2\/media?parent=610"}],"wp:term":[{"taxonomy":"brand","embeddable":true,"href":"https:\/\/nanaaozora.com\/fr\/wp-json\/wp\/v2\/etheme_brands?post=610"},{"taxonomy":"product_brand","embeddable":true,"href":"https:\/\/nanaaozora.com\/fr\/wp-json\/wp\/v2\/product_brand?post=610"},{"taxonomy":"product_cat","embeddable":true,"href":"https:\/\/nanaaozora.com\/fr\/wp-json\/wp\/v2\/product_cat?post=610"},{"taxonomy":"product_tag","embeddable":true,"href":"https:\/\/nanaaozora.com\/fr\/wp-json\/wp\/v2\/product_tag?post=610"}],"curies":[{"name":"wp","href":"https:\/\/api.w.org\/{rel}","templated":true}]}}